{"id":1446,"date":"2022-07-18T13:32:39","date_gmt":"2022-07-18T11:32:39","guid":{"rendered":"https:\/\/www.schoenmakeradvies.com\/haftungsausschluss\/"},"modified":"2022-09-15T15:44:56","modified_gmt":"2022-09-15T13:44:56","slug":"haftungsausschluss","status":"publish","type":"page","link":"https:\/\/www.schoenmakeradvies.com\/de\/haftungsausschluss\/","title":{"rendered":"Haftungsausschluss"},"content":{"rendered":"<p>[et_pb_section fb_built=&#8220;1&#8243; fullwidth=&#8220;on&#8220; _builder_version=&#8220;4.17.4&#8243; _module_preset=&#8220;default&#8220; locked=&#8220;off&#8220; global_colors_info=&#8220;{}&#8220;][et_pb_fullwidth_header title=&#8220;@ET-DC@eyJkeW5hbWljIjp0cnVlLCJjb250ZW50IjoicG9zdF90aXRsZSIsInNldHRpbmdzIjp7ImJlZm9yZSI6IiIsImFmdGVyIjoiIn19@&#8220; _builder_version=&#8220;4.17.4&#8243; _dynamic_attributes=&#8220;title&#8220; _module_preset=&#8220;default&#8220; title_text_color=&#8220;#FFFFFF&#8220; global_colors_info=&#8220;{}&#8220;][\/et_pb_fullwidth_header][\/et_pb_section][et_pb_section fb_built=&#8220;1&#8243; _builder_version=&#8220;4.17.4&#8243; _module_preset=&#8220;default&#8220; custom_margin=&#8220;3vh||3vh||true|false&#8220; custom_padding=&#8220;0px||0px||false|false&#8220; locked=&#8220;off&#8220; global_colors_info=&#8220;{}&#8220;][et_pb_row _builder_version=&#8220;4.17.4&#8243; _module_preset=&#8220;default&#8220; custom_margin=&#8220;0px||3vh||false|false&#8220; custom_padding=&#8220;0px||0px||false|false&#8220; hover_enabled=&#8220;0&#8243; global_colors_info=&#8220;{}&#8220; admin_label=&#8220;Kr\u00fcmelpfad&#8220; sticky_enabled=&#8220;0&#8243;][et_pb_column type=&#8220;4_4&#8243; _builder_version=&#8220;4.17.4&#8243; _module_preset=&#8220;default&#8220; global_colors_info=&#8220;{}&#8220;][et_pb_text _builder_version=&#8220;4.17.6&#8243; _module_preset=&#8220;default&#8220; hover_enabled=&#8220;0&#8243; global_colors_info=&#8220;{}&#8220; sticky_enabled=&#8220;0&#8243;]<\/p>\n<nav aria-label=\"breadcrumbs\" class=\"rank-math-breadcrumb\"><p><span class=\"last\">Home<\/span><\/p><\/nav>\n<p>[\/et_pb_text][\/et_pb_column][\/et_pb_row][et_pb_row column_structure=&#8220;2_3,1_3&#8243; use_custom_gutter=&#8220;on&#8220; gutter_width=&#8220;4&#8243; make_equal=&#8220;on&#8220; _builder_version=&#8220;4.17.4&#8243; _module_preset=&#8220;default&#8220; custom_margin=&#8220;0px||0px||false|false&#8220; custom_padding=&#8220;0px||0px||false|false&#8220; global_colors_info=&#8220;{}&#8220;][et_pb_column type=&#8220;2_3&#8243; _builder_version=&#8220;4.17.4&#8243; _module_preset=&#8220;default&#8220; global_colors_info=&#8220;{}&#8220;][et_pb_text _builder_version=&#8220;4.17.6&#8243; _module_preset=&#8220;242494ce-6afd-41ed-9f50-b82975bd1f37&#8243; global_colors_info=&#8220;{}&#8220;]<\/p>\n<h2>Haftungsausschluss<\/h2>\n<p>Der Zugriff auf diese Website und ihre Nutzung bedeutet, dass der Nutzer die folgenden Bedingungen zur Kenntnis genommen hat, versteht, ihnen zustimmt und an sie gebunden ist:<\/p>\n<h2>Informationen auf dieser Website<\/h2>\n<p>Schoenmaker Bedrijfsjuridisch Advies &amp; Mediation achtet mit gr\u00f6\u00dfter Sorgfalt darauf, dass die Informationen auf dieser Website zuverl\u00e4ssig und aktuell sind. Dennoch k\u00f6nnen Ungenauigkeiten und Unvollst\u00e4ndigkeiten in den dargestellten Daten auftreten. Schoenmaker Bedrijfsjuridisch Advies &amp; Mediation lehnt jede Form der Haftung f\u00fcr Unvollst\u00e4ndigkeiten oder Ungenauigkeiten in den auf oder \u00fcber diese Website angezeigten Informationen ab. Schoenmaker Bedrijfsjuridisch Advies &amp; Mediation beh\u00e4lt sich das Recht vor, den Inhalt der Informationen auf dieser Website zu \u00e4ndern. Die auf dieser Website zur Verf\u00fcgung gestellten Informationen sind allgemeiner Art und dienen dazu, jedermann \u00fcber Schoenmaker Bedrijfsjuridisch Advies &amp; Mediation und seine Aktivit\u00e4ten zu informieren. Sie sind ausdr\u00fccklich nicht als pers\u00f6nliche Beratung im Sinne des Gesetzes \u00fcber die Finanzaufsicht (Wft) gedacht.<\/p>\n<h2>Funktionsweise dieser Website<\/h2>\n<p>Schoenmaker Bedrijfsjuridisch Advies &amp; Mediation \u00fcbernimmt keine Garantie f\u00fcr das einwandfreie Funktionieren oder die ununterbrochene Erreichbarkeit dieser Website oder der elektronisch angebotenen Dienste. Schoenmaker Bedrijfsjuridisch Advies &amp; Mediation haftet nicht f\u00fcr Sch\u00e4den, die sich aus Ungenauigkeiten oder Unvollst\u00e4ndigkeiten in den angebotenen Informationen und Dienstleistungen ergeben, und auch nicht f\u00fcr Sch\u00e4den, die sich aus Problemen ergeben, die durch die Verbreitung von Informationen \u00fcber das Internet verursacht werden oder damit verbunden sind, wie z.B. St\u00f6rungen oder Unterbrechungen oder Fehler oder Verz\u00f6gerungen bei der Bereitstellung von Informationen durch Schoenmaker Bedrijfsjuridisch Advies &amp; Mediation oder durch Sie an Schoenmaker Bedrijfsjuridisch Advies &amp; Mediation \u00fcber diese Website oder auf anderem elektronischen Wege.<\/p>\n<h2>Referenzen und Hyperlinks<\/h2>\n<p>Verweise oder Hyperlinks auf andere Websites dienen nur zu Informationszwecken. Schoenmaker Bedrijfsjuridisch Advies &amp; Mediation \u00fcbernimmt keine Verantwortung f\u00fcr den Inhalt von Internetseiten, auf die oder von denen mittels Hyperlink oder auf andere Weise verwiesen wird. Schoenmaker Bedrijfsjuridisch Advies &amp; Mediation beh\u00e4lt sich das Recht vor, einen Link oder ein entsprechendes Programm jederzeit zu beenden.<\/p>\n<h2>Rechte an geistigem Eigentum<\/h2>\n<p>Die Rechte am geistigen Eigentum im Zusammenhang mit dieser Website geh\u00f6ren Schoenmaker Bedrijfsjuridisch Advies &amp; Mediation oder ihren Lizenzgebern. Dem Nutzer dieser Website ist es nicht gestattet, den Inhalt der Website ohne die ausdr\u00fcckliche schriftliche Genehmigung von Schoenmaker Bedrijfsjuridisch Advies &amp; Mediation ganz oder teilweise zu ver\u00e4ndern, zu verkaufen, zu lizenzieren, zu vervielf\u00e4ltigen und\/oder zu ver\u00f6ffentlichen.<\/p>\n<h2>Viren<\/h2>\n<p>Schoenmaker Bedrijfsjuridisch Advies &amp; Mediation \u00fcbernimmt keine Gew\u00e4hr daf\u00fcr, dass die \u00fcber diese Website zug\u00e4nglichen Informationen, Software oder Verweise oder Hyperlinks frei von Viren oder \u00e4hnlichen sch\u00e4dlichen Bestandteilen sind.<\/p>\n<p>[\/et_pb_text][\/et_pb_column][et_pb_column type=&#8220;1_3&#8243; _builder_version=&#8220;4.17.4&#8243; _module_preset=&#8220;default&#8220; global_colors_info=&#8220;{}&#8220;][\/et_pb_column][\/et_pb_row][\/et_pb_section]<\/p>\n","protected":false},"excerpt":{"rendered":"<p><nav aria-label=\"breadcrumbs\" class=\"rank-math-breadcrumb\"><p><span class=\"last\">Home<\/span><\/p><\/nav>Haftungsausschluss Der Zugriff auf diese Website und ihre Nutzung bedeutet, dass der Nutzer die folgenden Bedingungen zur Kenntnis genommen hat, versteht, ihnen zustimmt und an sie gebunden ist: Informationen auf dieser Website Schoenmaker Bedrijfsjuridisch Advies &amp; Mediation achtet mit gr\u00f6\u00dfter Sorgfalt darauf, dass die Informationen auf dieser Website zuverl\u00e4ssig und aktuell sind. Dennoch k\u00f6nnen Ungenauigkeiten [&hellip;]<\/p>\n","protected":false},"author":1,"featured_media":0,"parent":0,"menu_order":0,"comment_status":"closed","ping_status":"closed","template":"","meta":{"_et_pb_use_builder":"on","_et_pb_old_content":"","_et_gb_content_width":"","inline_featured_image":false,"footnotes":""},"class_list":["post-1446","page","type-page","status-publish","hentry"],"_links":{"self":[{"href":"https:\/\/www.schoenmakeradvies.com\/de\/wp-json\/wp\/v2\/pages\/1446","targetHints":{"allow":["GET"]}}],"collection":[{"href":"https:\/\/www.schoenmakeradvies.com\/de\/wp-json\/wp\/v2\/pages"}],"about":[{"href":"https:\/\/www.schoenmakeradvies.com\/de\/wp-json\/wp\/v2\/types\/page"}],"author":[{"embeddable":true,"href":"https:\/\/www.schoenmakeradvies.com\/de\/wp-json\/wp\/v2\/users\/1"}],"replies":[{"embeddable":true,"href":"https:\/\/www.schoenmakeradvies.com\/de\/wp-json\/wp\/v2\/comments?post=1446"}],"version-history":[{"count":2,"href":"https:\/\/www.schoenmakeradvies.com\/de\/wp-json\/wp\/v2\/pages\/1446\/revisions"}],"predecessor-version":[{"id":1451,"href":"https:\/\/www.schoenmakeradvies.com\/de\/wp-json\/wp\/v2\/pages\/1446\/revisions\/1451"}],"wp:attachment":[{"href":"https:\/\/www.schoenmakeradvies.com\/de\/wp-json\/wp\/v2\/media?parent=1446"}],"curies":[{"name":"wp","href":"https:\/\/api.w.org\/{rel}","templated":true}]}}