{"id":1309,"date":"2022-06-16T11:14:12","date_gmt":"2022-06-16T09:14:12","guid":{"rendered":"https:\/\/www.schoenmakeradvies.com\/startseite\/"},"modified":"2024-10-30T12:33:08","modified_gmt":"2024-10-30T11:33:08","slug":"startseite","status":"publish","type":"page","link":"https:\/\/www.schoenmakeradvies.com\/de\/","title":{"rendered":"Schoenmaker Advies"},"content":{"rendered":"<p>[et_pb_section fb_built=&#8220;1&#8243; admin_label=&#8220;Sectie&#8220; _builder_version=&#8220;4.17.6&#8243; _module_preset=&#8220;default&#8220; background_enable_color=&#8220;off&#8220; background_enable_image=&#8220;off&#8220; background_size=&#8220;initial&#8220; background_position=&#8220;top_right&#8220; custom_margin=&#8220;0px||0px||false|false&#8220; custom_padding=&#8220;0px||0px||false|false&#8220; background_last_edited=&#8220;on|phone&#8220; background_enable_image_phone=&#8220;off&#8220; locked=&#8220;off&#8220; global_colors_info=&#8220;{}&#8220;][et_pb_row column_structure=&#8220;1_2,1_2&#8243; use_custom_gutter=&#8220;on&#8220; gutter_width=&#8220;1&#8243; make_equal=&#8220;on&#8220; _builder_version=&#8220;4.17.6&#8243; _module_preset=&#8220;default&#8220; background_enable_image=&#8220;off&#8220; width=&#8220;100%&#8220; max_width=&#8220;2560px&#8220; height=&#8220;600px&#8220; height_tablet=&#8220;600px&#8220; height_phone=&#8220;600px&#8220; height_last_edited=&#8220;on|phone&#8220; custom_margin=&#8220;0px||0px||false|false&#8220; custom_padding=&#8220;0px||0px||false|false&#8220; global_colors_info=&#8220;{}&#8220;][et_pb_column type=&#8220;1_2&#8243; _builder_version=&#8220;4.17.6&#8243; _module_preset=&#8220;default&#8220; background_color=&#8220;#FFFFFF&#8220; custom_padding=&#8220;|5vh||10vh|false|false&#8220; custom_padding_tablet=&#8220;|||15vh|false|false&#8220; custom_padding_phone=&#8220;|3vh||3vh|false|true&#8220; custom_padding_last_edited=&#8220;on|phone&#8220; global_colors_info=&#8220;{}&#8220;][et_pb_text _builder_version=&#8220;4.17.6&#8243; _module_preset=&#8220;default&#8220; header_font_size=&#8220;48px&#8220; background_enable_color=&#8220;off&#8220; custom_margin=&#8220;0px||0px||false|false&#8220; custom_padding=&#8220;200px||0px||false|false&#8220; custom_padding_tablet=&#8220;200px||0px||false|false&#8220; custom_padding_phone=&#8220;80px||||false|false&#8220; custom_padding_last_edited=&#8220;on|desktop&#8220; header_font_size_tablet=&#8220;48px&#8220; header_font_size_phone=&#8220;30px&#8220; header_font_size_last_edited=&#8220;on|desktop&#8220; global_colors_info=&#8220;{}&#8220;]<\/p>\n<h1>Shoemaker Unternehmensrechtsberatung &amp; Mediation<\/h1>\n<p>[\/et_pb_text][et_pb_button button_url=&#8220;@ET-DC@eyJkeW5hbWljIjp0cnVlLCJjb250ZW50IjoicG9zdF9saW5rX3VybF9wYWdlIiwic2V0dGluZ3MiOnsicG9zdF9pZCI6IjE4NCIsImVuYWJsZV9odG1sIjoib2ZmIn19@&#8220; button_text=&#8220;Kontakt&#8220; _builder_version=&#8220;4.17.4&#8243; _dynamic_attributes=&#8220;button_url&#8220; _module_preset=&#8220;36ee6c2e-39cf-48ca-9e77-9cfebb652ad1&#8243; custom_button=&#8220;on&#8220; global_colors_info=&#8220;{}&#8220;][\/et_pb_button][et_pb_divider show_divider=&#8220;off&#8220; _builder_version=&#8220;4.17.4&#8243; _module_preset=&#8220;default&#8220; height=&#8220;100px&#8220; height_tablet=&#8220;100px&#8220; height_phone=&#8220;40px&#8220; height_last_edited=&#8220;on|phone&#8220; global_colors_info=&#8220;{}&#8220;][\/et_pb_divider][\/et_pb_column][et_pb_column type=&#8220;1_2&#8243; _builder_version=&#8220;4.17.6&#8243; _dynamic_attributes=&#8220;background_image&#8220; _module_preset=&#8220;default&#8220; background_image=&#8220;@ET-DC@eyJkeW5hbWljIjp0cnVlLCJjb250ZW50IjoicG9zdF9mZWF0dXJlZF9pbWFnZSIsInNldHRpbmdzIjp7ImVuYWJsZV9odG1sIjoib2ZmIn19@&#8220; background_last_edited=&#8220;on|phone&#8220; background_enable_image_phone=&#8220;off&#8220; global_colors_info=&#8220;{}&#8220;][et_pb_image src=&#8220;@ET-DC@eyJkeW5hbWljIjp0cnVlLCJjb250ZW50IjoicG9zdF9mZWF0dXJlZF9pbWFnZSIsInNldHRpbmdzIjp7ImVuYWJsZV9odG1sIjoib2ZmIn19@&#8220; alt=&#8220;Spezialgebiete von Schoenmaker &#8211; Bedrijfsjuridisch advies &amp; mediation&#8220; title_text=&#8220;Spezialgebiete von Schoenmaker &#8211; Bedrijfsjuridisch advies &amp; mediation&#8220; align=&#8220;center&#8220; disabled_on=&#8220;off|on|on&#8220; admin_label=&#8220;Afbeelding&#8220; _builder_version=&#8220;4.27.2&#8243; _dynamic_attributes=&#8220;src&#8220; _module_preset=&#8220;default&#8220; width=&#8220;600px&#8220; max_width=&#8220;600px&#8220; custom_margin=&#8220;0px||0px||false|false&#8220; custom_padding=&#8220;0px||0px||false|false&#8220; locked=&#8220;off&#8220; global_colors_info=&#8220;{}&#8220;][\/et_pb_image][\/et_pb_column][\/et_pb_row][\/et_pb_section][et_pb_section fb_built=&#8220;1&#8243; _builder_version=&#8220;4.17.4&#8243; _module_preset=&#8220;default&#8220; custom_margin=&#8220;10vh||10vh||true|false&#8220; custom_padding=&#8220;0px||0px||false|false&#8220; global_colors_info=&#8220;{}&#8220;][et_pb_row column_structure=&#8220;3_5,2_5&#8243; use_custom_gutter=&#8220;on&#8220; gutter_width=&#8220;4&#8243; make_equal=&#8220;on&#8220; _builder_version=&#8220;4.17.4&#8243; _module_preset=&#8220;default&#8220; custom_margin=&#8220;0px||0px||false|false&#8220; custom_padding=&#8220;0px||0px||false|false&#8220; global_colors_info=&#8220;{}&#8220;][et_pb_column type=&#8220;3_5&#8243; _builder_version=&#8220;4.17.4&#8243; _module_preset=&#8220;default&#8220; global_colors_info=&#8220;{}&#8220;][et_pb_text _builder_version=&#8220;4.18.0&#8243; _module_preset=&#8220;242494ce-6afd-41ed-9f50-b82975bd1f37&#8243; global_colors_info=&#8220;{}&#8220;]<\/p>\n<h2>Proaktives Denken in Rechtsfragen<\/h2>\n<p>Unternehmertum ist eine Herausforderung! Wenn die Dinge so laufen, wie Sie es sich am Anfang vorgestellt haben, ist das sch\u00f6n. Aber das klappt nicht immer. Als Gesch\u00e4ftsinhaber dachten Sie, Sie h\u00e4tten Ihre Angelegenheiten optimiert. Sowohl auf organisatorischer Ebene als auch auf vertraglicher Ebene. Aber manchmal gibt es einen Knick. Ein Kunde, der nicht zahlen will. Ein Konkurrent, der Ihre Neuheit &#8222;klaut&#8220;. IKT-Probleme. Oder ein Arbeitskonflikt mit einem Personalmitglied. Aktion\u00e4re oder Partner, die sich nicht einig sind. Eine Gemeinde verweigert die Genehmigung. So kann noch mehr schief gehen, und genau das wollen Sie nicht.<\/p>\n<p>Damit Sie sich jederzeit einer guten juristischen Unterst\u00fctzung f\u00fcr Ihr Unternehmen sicher sein k\u00f6nnen, denkt und handelt Schoenmaker Bedrijfsjuridisch Advies &amp; Mediation mit Ihnen.<\/p>\n<p>Manchmal w\u00e4hlen wir dabei einen anderen Blickwinkel. Gemeinsam mit dem Unternehmer treten wir aus der Hektik des Tages heraus und schauen nicht nur, wie das Problem rechtlich einzuordnen ist, sondern auch, wie es praktisch gel\u00f6st werden k\u00f6nnte.<\/p>\n<p>[\/et_pb_text][\/et_pb_column][et_pb_column type=&#8220;2_5&#8243; _builder_version=&#8220;4.17.4&#8243; _module_preset=&#8220;default&#8220; background_color=&#8220;#3fa34d&#8220; global_colors_info=&#8220;{}&#8220;][et_pb_text _builder_version=&#8220;4.17.4&#8243; _module_preset=&#8220;default&#8220; header_2_text_color=&#8220;#FFFFFF&#8220; custom_margin=&#8220;0px||0px||false|false&#8220; custom_padding=&#8220;30px||0px|30px|false|false&#8220; global_colors_info=&#8220;{}&#8220;]<\/p>\n<h2>Unser neuester Blog<\/h2>\n<p>[\/et_pb_text][dipl_blog_slider posts_number=&#8220;3&#8243; post_date=&#8220;j F Y&#8220; show_thumbnail=&#8220;off&#8220; show_author=&#8220;off&#8220; show_categories=&#8220;off&#8220; show_comments=&#8220;off&#8220; read_more_text=&#8220;lees verder&#8220; post_content_wrapper_background_color=&#8220;RGBA(255,255,255,0)&#8220; post_per_slide=&#8220;1&#8243; arrows_position=&#8220;bottom_right&#8220; show_control_dot=&#8220;off&#8220; arrows_custom_padding=&#8220;7px|7px|7px|7px|true|true&#8220; arrow_font_size=&#8220;24px&#8220; arrow_color=&#8220;#FFFFFF&#8220; use_arrow_background=&#8220;on&#8220; arrow_background_color=&#8220;#0d2b88&#8243; post_per_slide_tablet=&#8220;1&#8243; post_per_slide_phone=&#8220;1&#8243; arrows_position_tablet=&#8220;bottom_right&#8220; arrows_position_phone=&#8220;bottom_right&#8220; arrows_position_last_edited=&#8220;on|phone&#8220; _builder_version=&#8220;4.17.4&#8243; _module_preset=&#8220;default&#8220; title_text_color=&#8220;#FFFFFF&#8220; body_text_color=&#8220;#FFFFFF&#8220; meta_text_color=&#8220;#FFFFFF&#8220; background_color=&#8220;#3fa34d&#8220; custom_read_more=&#8220;on&#8220; read_more_text_size=&#8220;18px&#8220; read_more_text_color=&#8220;#FFFFFF&#8220; read_more_bg_color=&#8220;#0d2b88&#8243; read_more_border_width=&#8220;0px&#8220; read_more_border_radius=&#8220;0px&#8220; read_more_font=&#8220;Poppins &#8211; Semibold||||||||&#8220; read_more_icon=&#8220;&#x39;||divi||400&#8243; read_more_icon_color=&#8220;#FFFFFF&#8220; read_more_on_hover=&#8220;off&#8220; read_more_alignment=&#8220;left&#8220; custom_margin=&#8220;0px||0px||false|false&#8220; custom_padding=&#8220;10px|30px|30px|30px|false|true&#8220; global_colors_info=&#8220;{}&#8220; read_more_text_color__hover_enabled=&#8220;on|hover&#8220; read_more_text_color__hover=&#8220;#0d2b88&#8243; read_more_bg_color__hover_enabled=&#8220;on|hover&#8220; read_more_bg_color__hover=&#8220;#FFFFFF&#8220; read_more_bg_enable_color__hover=&#8220;on&#8220; read_more_icon_color__hover_enabled=&#8220;on|hover&#8220; read_more_icon_color__hover=&#8220;#0d2b88&#8243;][\/dipl_blog_slider][\/et_pb_column][\/et_pb_row][\/et_pb_section][et_pb_section fb_built=&#8220;1&#8243; _builder_version=&#8220;4.17.4&#8243; _module_preset=&#8220;default&#8220; background_color=&#8220;rgba(91,186,111,0.2)&#8220; locked=&#8220;off&#8220; global_colors_info=&#8220;{}&#8220;][et_pb_row _builder_version=&#8220;4.17.4&#8243; _module_preset=&#8220;default&#8220; custom_margin=&#8220;0px||2vh||false|false&#8220; custom_padding=&#8220;0px||0px||false|false&#8220; global_colors_info=&#8220;{}&#8220;][et_pb_column type=&#8220;4_4&#8243; _builder_version=&#8220;4.17.4&#8243; _module_preset=&#8220;default&#8220; global_colors_info=&#8220;{}&#8220;][et_pb_text _builder_version=&#8220;4.17.4&#8243; _module_preset=&#8220;default&#8220; hover_enabled=&#8220;0&#8243; global_colors_info=&#8220;{}&#8220; sticky_enabled=&#8220;0&#8243;]<\/p>\n<h3>Schoenmaker kann Sie rechtm\u00e4\u00dfig bedienen:<\/h3>\n<p>[\/et_pb_text][\/et_pb_column][\/et_pb_row][et_pb_row column_structure=&#8220;1_3,1_3,1_3&#8243; use_custom_gutter=&#8220;on&#8220; gutter_width=&#8220;2&#8243; make_equal=&#8220;on&#8220; admin_label=&#8220;Reihe 1 &#8211; Fachgebiete&#8220; _builder_version=&#8220;4.17.4&#8243; _module_preset=&#8220;default&#8220; custom_margin=&#8220;0px||5vh||false|false&#8220; custom_padding=&#8220;0px||0px||false|false&#8220; global_module=&#8220;312&#8243; saved_tabs=&#8220;all&#8220; global_colors_info=&#8220;{}&#8220;][et_pb_column type=&#8220;1_3&#8243; _builder_version=&#8220;4.17.4&#8243; _module_preset=&#8220;default&#8220; background_color=&#8220;#FFFFFF&#8220; global_colors_info=&#8220;{}&#8220;][et_pb_blurb title=&#8220;Arbeitsrecht&#8220; image=&#8220;https:\/\/www.schoenmakeradvies.com\/wp-content\/uploads\/Icon-Arbeidsrecht-40.svg&#8220; alt=&#8220;Schoenmaker Beratung &#8211; Icon Arbeitsrecht&#8220; icon_alignment=&#8220;left&#8220; admin_label=&#8220;Arbeidsrecht&#8220; _builder_version=&#8220;4.17.4&#8243; _dynamic_attributes=&#8220;link_option_url&#8220; _module_preset=&#8220;default&#8220; header_level=&#8220;h2&#8243; background_color=&#8220;#ffffff&#8220; image_icon_custom_margin=&#8220;0px||0px||false|false&#8220; image_icon_custom_padding=&#8220;0px||0px||false|false&#8220; custom_margin=&#8220;0px||0px||false|false&#8220; custom_padding=&#8220;20px|20px|20px|20px|false|false&#8220; link_option_url=&#8220;@ET-DC@eyJkeW5hbWljIjp0cnVlLCJjb250ZW50IjoicG9zdF9saW5rX3VybF9wYWdlIiwic2V0dGluZ3MiOnsicG9zdF9pZCI6IjMyNyIsImVuYWJsZV9odG1sIjoib2ZmIn19@&#8220; global_colors_info=&#8220;{}&#8220; background__hover_enabled=&#8220;on|hover&#8220; background_color__hover=&#8220;#FFFFFF&#8220; background_enable_color__hover=&#8220;on&#8220;]<\/p>\n<p>Arbeitskonflikte, das Verfahren bei einer Entlassung, Reorganisation? All das sind Probleme, mit denen Sie als Unternehmer konfrontiert sein k\u00f6nnen und die Sie richtig angehen m\u00fcssen.<\/p>\n<p>[\/et_pb_blurb][\/et_pb_column][et_pb_column type=&#8220;1_3&#8243; _builder_version=&#8220;4.17.4&#8243; _module_preset=&#8220;default&#8220; background_color=&#8220;#FFFFFF&#8220; global_colors_info=&#8220;{}&#8220;][et_pb_blurb title=&#8220;Vertr\u00e4ge&#8220; image=&#8220;https:\/\/www.schoenmakeradvies.com\/wp-content\/uploads\/Icon-Contracten-40.svg&#8220; alt=&#8220;Schoenmaker Beratung &#8211; Icon Contracts&#8220; icon_alignment=&#8220;left&#8220; admin_label=&#8220;Contracten&#8220; _builder_version=&#8220;4.17.4&#8243; _dynamic_attributes=&#8220;link_option_url&#8220; _module_preset=&#8220;default&#8220; header_level=&#8220;h2&#8243; background_color=&#8220;#FFFFFF&#8220; image_icon_custom_margin=&#8220;0px||0px||false|false&#8220; image_icon_custom_padding=&#8220;0px||0px||false|false&#8220; custom_margin=&#8220;0px||0px||false|false&#8220; custom_padding=&#8220;20px|20px|20px|20px|false|false&#8220; link_option_url=&#8220;@ET-DC@eyJkeW5hbWljIjp0cnVlLCJjb250ZW50IjoicG9zdF9saW5rX3VybF9wYWdlIiwic2V0dGluZ3MiOnsicG9zdF9pZCI6IjM3MSIsImVuYWJsZV9odG1sIjoib2ZmIn19@&#8220; global_colors_info=&#8220;{}&#8220;]<\/p>\n<p>Vereinbarungen sind eine unverzichtbare Grundlage f\u00fcr gute Gesch\u00e4fte. Wie kann man das eindeutig dokumentieren? Oder was ist zu tun, wenn ein Vertrag nicht erf\u00fcllt wird?<\/p>\n<p>[\/et_pb_blurb][\/et_pb_column][et_pb_column type=&#8220;1_3&#8243; _builder_version=&#8220;4.17.4&#8243; _module_preset=&#8220;default&#8220; background_color=&#8220;#FFFFFF&#8220; global_colors_info=&#8220;{}&#8220;][et_pb_blurb title=&#8220;ICT-Recht&#8220; image=&#8220;https:\/\/www.schoenmakeradvies.com\/wp-content\/uploads\/Icon-ICT-recht-40.svg&#8220; alt=&#8220;Schoenmaker Beratung &#8211; Icon ICT Recht&#8220; icon_alignment=&#8220;left&#8220; admin_label=&#8220;ICT-recht&#8220; _builder_version=&#8220;4.17.6&#8243; _dynamic_attributes=&#8220;link_option_url&#8220; _module_preset=&#8220;default&#8220; header_level=&#8220;h2&#8243; background_color=&#8220;#FFFFFF&#8220; image_icon_custom_margin=&#8220;0px||0px||false|false&#8220; image_icon_custom_padding=&#8220;0px||0px||false|false&#8220; custom_margin=&#8220;0px||0px||false|false&#8220; custom_padding=&#8220;20px|20px|20px|20px|false|false&#8220; link_option_url=&#8220;@ET-DC@eyJkeW5hbWljIjp0cnVlLCJjb250ZW50IjoicG9zdF9saW5rX3VybF9wYWdlIiwic2V0dGluZ3MiOnsicG9zdF9pZCI6IjY3MyIsImVuYWJsZV9odG1sIjoib2ZmIn19@&#8220; global_colors_info=&#8220;{}&#8220;]<\/p>\n<p>Im Bereich des IKT-Rechts gibt es eine ganze Reihe von Punkten, die Unternehmer im rechtlichen Bereich genau im Auge behalten sollten.<\/p>\n<p>[\/et_pb_blurb][\/et_pb_column][\/et_pb_row][et_pb_row column_structure=&#8220;1_3,1_3,1_3&#8243; use_custom_gutter=&#8220;on&#8220; gutter_width=&#8220;2&#8243; make_equal=&#8220;on&#8220; admin_label=&#8220;Reihe 2 &#8211; Fachgebiete&#8220; _builder_version=&#8220;4.17.4&#8243; _module_preset=&#8220;default&#8220; background_enable_color=&#8220;off&#8220; custom_margin=&#8220;0px||5vh||false|false&#8220; custom_padding=&#8220;0px||0px||false|false&#8220; global_module=&#8220;313&#8243; saved_tabs=&#8220;all&#8220; global_colors_info=&#8220;{}&#8220;][et_pb_column type=&#8220;1_3&#8243; _builder_version=&#8220;4.17.4&#8243; _module_preset=&#8220;default&#8220; background_color=&#8220;#FFFFFF&#8220; global_colors_info=&#8220;{}&#8220;][et_pb_blurb title=&#8220;Gesellschaftsrecht&#8220; image=&#8220;https:\/\/www.schoenmakeradvies.com\/wp-content\/uploads\/Icon-Ondernemingsrecht-40.svg&#8220; alt=&#8220;Schoenmaker Beratung &#8211; Icon Gesellschaftsrecht&#8220; icon_alignment=&#8220;left&#8220; admin_label=&#8220;Ondernemingsrecht&#8220; _builder_version=&#8220;4.17.4&#8243; _dynamic_attributes=&#8220;link_option_url&#8220; _module_preset=&#8220;default&#8220; header_level=&#8220;h2&#8243; background_color=&#8220;#ffffff&#8220; image_icon_custom_margin=&#8220;0px||0px||false|false&#8220; image_icon_custom_padding=&#8220;0px||0px||false|false&#8220; custom_margin=&#8220;0px||0px||false|false&#8220; custom_padding=&#8220;20px|20px|20px|20px|false|false&#8220; link_option_url=&#8220;@ET-DC@eyJkeW5hbWljIjp0cnVlLCJjb250ZW50IjoicG9zdF9saW5rX3VybF9wYWdlIiwic2V0dGluZ3MiOnsicG9zdF9pZCI6IjQwOSIsImVuYWJsZV9odG1sIjoib2ZmIn19@&#8220; global_colors_info=&#8220;{}&#8220;]<\/p>\n<p>Jeder, der ein Unternehmen gr\u00fcndet, muss seine rechtlichen Angelegenheiten vorher regeln, vor allem, wenn es mehrere Eigent\u00fcmer gibt. Wenn der Fall schon eine Weile l\u00e4uft, ist eine Aktualisierung ratsam, ein &#8222;juristischer T\u00dcV&#8220;.<\/p>\n<p>[\/et_pb_blurb][\/et_pb_column][et_pb_column type=&#8220;1_3&#8243; _builder_version=&#8220;4.17.4&#8243; _module_preset=&#8220;default&#8220; background_color=&#8220;#FFFFFF&#8220; global_colors_info=&#8220;{}&#8220;][et_pb_blurb title=&#8220;R\u00e4umliche Planung&#8220; image=&#8220;https:\/\/www.schoenmakeradvies.com\/wp-content\/uploads\/Icon-Ruimtelijke-ordening-40.svg&#8220; alt=&#8220;Schoenmaker Beratung &#8211; Icon Raumplanung&#8220; icon_alignment=&#8220;left&#8220; admin_label=&#8220;Ruimtelijke ordening&#8220; _builder_version=&#8220;4.17.4&#8243; _dynamic_attributes=&#8220;link_option_url&#8220; _module_preset=&#8220;default&#8220; header_level=&#8220;h2&#8243; background_color=&#8220;#ffffff&#8220; image_icon_custom_margin=&#8220;0px||0px||false|false&#8220; image_icon_custom_padding=&#8220;0px||0px||false|false&#8220; custom_margin=&#8220;0px||0px||false|false&#8220; custom_padding=&#8220;20px|20px|20px|20px|false|false&#8220; link_option_url=&#8220;@ET-DC@eyJkeW5hbWljIjp0cnVlLCJjb250ZW50IjoicG9zdF9saW5rX3VybF9wYWdlIiwic2V0dGluZ3MiOnsicG9zdF9pZCI6IjQxNSIsImVuYWJsZV9odG1sIjoib2ZmIn19@&#8220; global_colors_info=&#8220;{}&#8220;]<\/p>\n<p>Die Nutzungsw\u00fcnsche eines Unternehmers f\u00fcr seinen Unternehmensstandort stimmen manchmal nicht mit den (Fl\u00e4chennutzungs-)Pl\u00e4nen einer Gemeinde f\u00fcr ein bestimmtes Gebiet \u00fcberein. Dann ist rechtzeitiges und angemessenes Handeln angesagt.<\/p>\n<p>[\/et_pb_blurb][\/et_pb_column][et_pb_column type=&#8220;1_3&#8243; _builder_version=&#8220;4.17.4&#8243; _module_preset=&#8220;default&#8220; background_color=&#8220;#FFFFFF&#8220; global_colors_info=&#8220;{}&#8220;][et_pb_blurb title=&#8220;Mediation&#8220; image=&#8220;https:\/\/www.schoenmakeradvies.com\/wp-content\/uploads\/Icon-mediation-40.svg&#8220; alt=&#8220;Schoenmaker Beratung &#8211; Icon Mediation&#8220; icon_alignment=&#8220;left&#8220; admin_label=&#8220;Mediation&#8220; _builder_version=&#8220;4.17.4&#8243; _dynamic_attributes=&#8220;link_option_url&#8220; _module_preset=&#8220;default&#8220; header_level=&#8220;h2&#8243; background_color=&#8220;#FFFFFF&#8220; image_icon_custom_margin=&#8220;0px||0px||false|false&#8220; image_icon_custom_padding=&#8220;0px||0px||false|false&#8220; custom_margin=&#8220;0px||0px||false|false&#8220; custom_padding=&#8220;20px|20px|20px|20px|false|false&#8220; link_option_url=&#8220;@ET-DC@eyJkeW5hbWljIjp0cnVlLCJjb250ZW50IjoicG9zdF9saW5rX3VybF9wYWdlIiwic2V0dGluZ3MiOnsicG9zdF9pZCI6IjQyOCIsImVuYWJsZV9odG1sIjoib2ZmIn19@&#8220; global_colors_info=&#8220;{}&#8220;]<\/p>\n<p>Wenn es zwischen den Parteien zu Spannungen kommt, f\u00fchrt die Einschaltung eines Mediators oft zu einer angemesseneren, schnelleren und kosteng\u00fcnstigeren L\u00f6sung als der Gang zum Gericht<\/p>\n<p>[\/et_pb_blurb][\/et_pb_column][\/et_pb_row][\/et_pb_section][et_pb_section fb_built=&#8220;1&#8243; _builder_version=&#8220;4.17.4&#8243; _module_preset=&#8220;default&#8220; custom_margin=&#8220;10vh||10vh||true|false&#8220; custom_padding=&#8220;0px||0px||false|false&#8220; global_colors_info=&#8220;{}&#8220;][et_pb_row column_structure=&#8220;3_5,2_5&#8243; use_custom_gutter=&#8220;on&#8220; gutter_width=&#8220;4&#8243; make_equal=&#8220;on&#8220; _builder_version=&#8220;4.17.4&#8243; _module_preset=&#8220;default&#8220; custom_margin=&#8220;0px||0px||false|false&#8220; custom_padding=&#8220;0px||0px||false|false&#8220; global_colors_info=&#8220;{}&#8220;][et_pb_column type=&#8220;3_5&#8243; _builder_version=&#8220;4.17.4&#8243; _module_preset=&#8220;default&#8220; global_colors_info=&#8220;{}&#8220;][et_pb_text _builder_version=&#8220;4.17.4&#8243; _module_preset=&#8220;242494ce-6afd-41ed-9f50-b82975bd1f37&#8243; global_colors_info=&#8220;{}&#8220;]<\/p>\n<h2>Schoenmaker Beratung l\u00f6st Probleme ad\u00e4quat<\/h2>\n<p>Auf der Grundlage unserer langj\u00e4hrigen Erfahrung werden wir Ihnen eine Empfehlung f\u00fcr eine angemessene L\u00f6sung geben. Nat\u00fcrlich helfen wir auch dabei, die notwendigen Schritte zu unternehmen.<\/p>\n<p>Das k\u00f6nnte zum Beispiel bedeuten, dass Sie Ihre Handelsvertr\u00e4ge aktualisieren. Oder Sie stellen einen Antrag und leiten ein Beitreibungsverfahren ein. Vielmehr vermeiden wir zeit- und kostenaufwendige Verfahren, da diese in der Regel auch das Ende der Gesch\u00e4ftsbeziehung bedeuten. Dann ist es besser, ein konstruktives Gespr\u00e4ch mit der anderen Partei zu f\u00fchren. M\u00f6glicherweise durch Mediation, eines unserer Spezialgebiete. Die Parteien behalten so die gr\u00f6\u00dftm\u00f6gliche Kontrolle \u00fcber die Erreichung einer f\u00fcr sie passenden L\u00f6sung.<\/p>\n<p>[\/et_pb_text][et_pb_text _builder_version=&#8220;4.17.4&#8243; _module_preset=&#8220;242494ce-6afd-41ed-9f50-b82975bd1f37&#8243; global_colors_info=&#8220;{}&#8220;]<\/p>\n<h2>Gute Rechtsform und klare Vereinbarungen<\/h2>\n<p>Sie k\u00f6nnen uns auch fr\u00fchzeitig einschalten. Dann setzen wir uns konstruktiv mit der richtigen Rechtsform Ihres Unternehmens auseinander. Wir formulieren die Vereinbarungen zwischen Gesellschaftern oder Partnern klar f\u00fcr Sie. Oder Vertr\u00e4ge mit dem Personal. Au\u00dferdem kann der Schutz Ihres geistigen Eigentums von Schoenmaker Bedrijfsjuridisch Advies &amp; Mediation \u00fcberwacht werden. Und wenn die Vorschriften einer Gemeinde Ihrer Expansion im Wege stehen, finden wir eine L\u00f6sung zur \u00c4nderung oder Abweichung vom Fl\u00e4chennutzungsplan. Eine weitere M\u00f6glichkeit ist die vor\u00fcbergehende rechtliche \u00dcberpr\u00fcfung Ihres Unternehmens auf Einhaltung der geltenden Vorschriften, \u00e4hnlich wie bei einem Auto-T\u00dcV.<\/p>\n<p>Dies sind einige Beispiele f\u00fcr Themen, die wir als Syndikusanw\u00e4lte aufgreifen und dazu beitragen, dass unternehmerische Risiken f\u00fcr Sie rechtlich \u00fcberschaubar bleiben.<\/p>\n<p>[\/et_pb_text][et_pb_text _builder_version=&#8220;4.27.2&#8243; _module_preset=&#8220;242494ce-6afd-41ed-9f50-b82975bd1f37&#8243; hover_enabled=&#8220;0&#8243; global_colors_info=&#8220;{}&#8220; sticky_enabled=&#8220;0&#8243;]<\/p>\n<h2>Vertraut mit vielen Branchen<\/h2>\n<p>Seit 1991 arbeiten wir f\u00fcr Firmenkunden in den Niederlanden und im Ausland in einer Vielzahl von Branchen. Von der Blumenzucht bis zur Logistik und von der Buchhaltung bis zu ganz anderen Branchen. Im Rahmen unseres gro\u00dfen internationalen Netzwerks k\u00f6nnen wir bei Bedarf ausl\u00e4ndische Experten hinzuziehen.<\/p>\n<p>[\/et_pb_text][\/et_pb_column][et_pb_column type=&#8220;2_5&#8243; _builder_version=&#8220;4.17.4&#8243; _module_preset=&#8220;default&#8220; global_colors_info=&#8220;{}&#8220;][et_pb_image src=&#8220;https:\/\/www.schoenmakeradvies.com\/wp-content\/uploads\/Schoenmaker-Advies-Bedrijfjurisch-Advies-en-Mediation-Zwartweg-121-Aalsmeer.jpg&#8220; alt=&#8220;Schoenmaker Advies &#8211; Rechtsberatung und Mediation f\u00fcr Unternehmen &#8211; Zwartweg 121 Aalsmeer&#8220; title_text=&#8220;Schoenmaker Advies &#8211; Rechtsberatung und Mediation f\u00fcr Unternehmen &#8211; Zwartweg 121 Aalsmeer&#8220; _builder_version=&#8220;4.19.4&#8243; _module_preset=&#8220;default&#8220; animation_style=&#8220;slide&#8220; animation_direction=&#8220;right&#8220; animation_delay=&#8220;400ms&#8220; global_colors_info=&#8220;{}&#8220;][\/et_pb_image][\/et_pb_column][\/et_pb_row][\/et_pb_section]<\/p>\n","protected":false},"excerpt":{"rendered":"<p>Shoemaker Unternehmensrechtsberatung &amp; MediationProaktives Denken in Rechtsfragen Unternehmertum ist eine Herausforderung! Wenn die Dinge so laufen, wie Sie es sich am Anfang vorgestellt haben, ist das sch\u00f6n. Aber das klappt nicht immer. Als Gesch\u00e4ftsinhaber dachten Sie, Sie h\u00e4tten Ihre Angelegenheiten optimiert. Sowohl auf organisatorischer Ebene als auch auf vertraglicher Ebene. Aber manchmal gibt es einen [&hellip;]<\/p>\n","protected":false},"author":1,"featured_media":1026,"parent":0,"menu_order":0,"comment_status":"closed","ping_status":"open","template":"","meta":{"_et_pb_use_builder":"on","_et_pb_old_content":"","_et_gb_content_width":"","inline_featured_image":false,"footnotes":""},"class_list":["post-1309","page","type-page","status-publish","has-post-thumbnail","hentry"],"_links":{"self":[{"href":"https:\/\/www.schoenmakeradvies.com\/de\/wp-json\/wp\/v2\/pages\/1309","targetHints":{"allow":["GET"]}}],"collection":[{"href":"https:\/\/www.schoenmakeradvies.com\/de\/wp-json\/wp\/v2\/pages"}],"about":[{"href":"https:\/\/www.schoenmakeradvies.com\/de\/wp-json\/wp\/v2\/types\/page"}],"author":[{"embeddable":true,"href":"https:\/\/www.schoenmakeradvies.com\/de\/wp-json\/wp\/v2\/users\/1"}],"replies":[{"embeddable":true,"href":"https:\/\/www.schoenmakeradvies.com\/de\/wp-json\/wp\/v2\/comments?post=1309"}],"version-history":[{"count":11,"href":"https:\/\/www.schoenmakeradvies.com\/de\/wp-json\/wp\/v2\/pages\/1309\/revisions"}],"predecessor-version":[{"id":1809,"href":"https:\/\/www.schoenmakeradvies.com\/de\/wp-json\/wp\/v2\/pages\/1309\/revisions\/1809"}],"wp:featuredmedia":[{"embeddable":true,"href":"https:\/\/www.schoenmakeradvies.com\/de\/wp-json\/wp\/v2\/media\/1026"}],"wp:attachment":[{"href":"https:\/\/www.schoenmakeradvies.com\/de\/wp-json\/wp\/v2\/media?parent=1309"}],"curies":[{"name":"wp","href":"https:\/\/api.w.org\/{rel}","templated":true}]}}